{"id":477,"date":"2020-10-13T14:21:07","date_gmt":"2020-10-13T13:21:07","guid":{"rendered":"https:\/\/new.farmorgretas.se\/?page_id=477"},"modified":"2020-11-19T20:18:45","modified_gmt":"2020-11-19T19:18:45","slug":"bestall","status":"publish","type":"page","link":"https:\/\/www.farmorgretas.se\/?page_id=477","title":{"rendered":"Best\u00e4ll"},"content":{"rendered":"\t\t<div data-elementor-type=\"wp-page\" data-elementor-id=\"477\" class=\"elementor elementor-477\">\n\t\t\t\t\t\t\t\t\t<section class=\"elementor-section elementor-top-section elementor-element elementor-element-a89f115 elementor-section-height-min-height elementor-section-stretched elementor-section-boxed elementor-section-height-default elementor-section-items-middle\" data-id=\"a89f115\" data-element_type=\"section\" data-settings=\"{&quot;stretch_section&quot;:&quot;section-stretched&quot;,&quot;background_background&quot;:&quot;classic&quot;}\">\n\t\t\t\t\t\t<div class=\"elementor-container elementor-column-gap-default\">\n\t\t\t\t\t<div class=\"elementor-column elementor-col-100 elementor-top-column elementor-element elementor-element-4db45a0\" data-id=\"4db45a0\" data-element_type=\"column\">\n\t\t\t<div class=\"elementor-widget-wrap elementor-element-populated\">\n\t\t\t\t\t\t\t\t<div class=\"elementor-element elementor-element-02aed98 elementor-invisible elementor-widget elementor-widget-heading\" data-id=\"02aed98\" data-element_type=\"widget\" data-settings=\"{&quot;_animation&quot;:&quot;fadeIn&quot;}\" data-widget_type=\"heading.default\">\n\t\t\t\t<div class=\"elementor-widget-container\">\n\t\t\t<h2 class=\"elementor-heading-title elementor-size-default\">Best\u00e4ll<\/h2>\t\t<\/div>\n\t\t\t\t<\/div>\n\t\t\t\t<div class=\"elementor-element elementor-element-36201f7 elementor-widget-divider--view-line elementor-invisible elementor-widget elementor-widget-divider\" data-id=\"36201f7\" data-element_type=\"widget\" data-settings=\"{&quot;_animation&quot;:&quot;fadeInDown&quot;}\" data-widget_type=\"divider.default\">\n\t\t\t\t<div class=\"elementor-widget-container\">\n\t\t\t\t\t<div class=\"elementor-divider\">\n\t\t\t<span class=\"elementor-divider-separator\">\n\t\t\t\t\t\t<\/span>\n\t\t<\/div>\n\t\t\t\t<\/div>\n\t\t\t\t<\/div>\n\t\t\t\t\t<\/div>\n\t\t<\/div>\n\t\t\t\t\t\t\t<\/div>\n\t\t<\/section>\n\t\t\t\t<section class=\"elementor-section elementor-top-section elementor-element elementor-element-f2f7354 elementor-section-stretched elementor-section-boxed elementor-section-height-default elementor-section-height-default\" data-id=\"f2f7354\" data-element_type=\"section\" data-settings=\"{&quot;stretch_section&quot;:&quot;section-stretched&quot;,&quot;background_background&quot;:&quot;classic&quot;}\">\n\t\t\t\t\t\t<div class=\"elementor-container elementor-column-gap-default\">\n\t\t\t\t\t<div class=\"elementor-column elementor-col-100 elementor-top-column elementor-element elementor-element-bdd4721\" data-id=\"bdd4721\" data-element_type=\"column\">\n\t\t\t<div class=\"elementor-widget-wrap elementor-element-populated\">\n\t\t\t\t\t\t\t\t<div class=\"elementor-element elementor-element-5a9ce42 elementor-widget elementor-widget-heading\" data-id=\"5a9ce42\" data-element_type=\"widget\" data-widget_type=\"heading.default\">\n\t\t\t\t<div class=\"elementor-widget-container\">\n\t\t\t<h2 class=\"elementor-heading-title elementor-size-default\">Best\u00e4ll<\/h2>\t\t<\/div>\n\t\t\t\t<\/div>\n\t\t\t\t\t<\/div>\n\t\t<\/div>\n\t\t\t\t\t\t\t<\/div>\n\t\t<\/section>\n\t\t\t\t<section class=\"elementor-section elementor-top-section elementor-element elementor-element-ac34ad5 elementor-section-stretched elementor-section-boxed elementor-section-height-default elementor-section-height-default\" data-id=\"ac34ad5\" data-element_type=\"section\" data-settings=\"{&quot;stretch_section&quot;:&quot;section-stretched&quot;,&quot;background_background&quot;:&quot;classic&quot;}\">\n\t\t\t\t\t\t<div class=\"elementor-container elementor-column-gap-default\">\n\t\t\t\t\t<div class=\"elementor-column elementor-col-50 elementor-top-column elementor-element elementor-element-f78e36c\" data-id=\"f78e36c\" data-element_type=\"column\">\n\t\t\t<div class=\"elementor-widget-wrap elementor-element-populated\">\n\t\t\t\t\t\t\t\t<div class=\"elementor-element elementor-element-4456f94 elementor-widget elementor-widget-text-editor\" data-id=\"4456f94\" data-element_type=\"widget\" data-widget_type=\"text-editor.default\">\n\t\t\t\t<div class=\"elementor-widget-container\">\n\t\t\t\t\t\t\t<ul><li>Best\u00e4llningen \u00e4r <span style=\"text-decoration: underline;\">inte godk\u00e4nd<\/span> f\u00f6rens du har f\u00e5tt en <span style=\"text-decoration: underline;\">bekr\u00e4ftelse<\/span> p\u00e5 din mail fr\u00e5n farmor gretas.<\/li><\/ul>\t\t\t\t\t\t<\/div>\n\t\t\t\t<\/div>\n\t\t\t\t<div class=\"elementor-element elementor-element-a27e3eb elementor-widget elementor-widget-text-editor\" data-id=\"a27e3eb\" data-element_type=\"widget\" data-widget_type=\"text-editor.default\">\n\t\t\t\t<div class=\"elementor-widget-container\">\n\t\t\t\t\t\t\t<ul><li>vardagar m\u00e5ste Best\u00e4llning ske <span style=\"text-decoration: underline;\">innan<\/span> <span style=\"text-decoration: underline;\">klockan 16.00<\/span> dagen innan upph\u00e4mtning.<\/li><li>Best\u00e4llning till l\u00f6rdag &amp; s\u00f6ndag m\u00e5ste ske <span style=\"text-decoration: underline;\">innan klockan 16.00 p\u00e5 fredag innan<\/span> upph\u00e4mtning.<\/li><\/ul>\t\t\t\t\t\t<\/div>\n\t\t\t\t<\/div>\n\t\t\t\t<div class=\"elementor-element elementor-element-9d9e487 elementor-widget elementor-widget-text-editor\" data-id=\"9d9e487\" data-element_type=\"widget\" data-widget_type=\"text-editor.default\">\n\t\t\t\t<div class=\"elementor-widget-container\">\n\t\t\t\t\t\t\t<ul><li><span style=\"text-decoration: underline;\">Barnt\u00e5rtor<\/span> och <span style=\"text-decoration: underline;\">dopt\u00e5rtor<\/span> finns i 8-bit, 12-bit, 16-bit eller 20-bit<\/li><li>M\u00e5ste best\u00e4llas<span style=\"text-decoration: underline;\"> 5 dagar<\/span> innan upph\u00e4mtning<\/li><\/ul>\t\t\t\t\t\t<\/div>\n\t\t\t\t<\/div>\n\t\t\t\t\t<\/div>\n\t\t<\/div>\n\t\t\t\t<div class=\"elementor-column elementor-col-50 elementor-top-column elementor-element elementor-element-17c8b09\" data-id=\"17c8b09\" data-element_type=\"column\">\n\t\t\t<div class=\"elementor-widget-wrap elementor-element-populated\">\n\t\t\t\t\t\t\t\t<div class=\"elementor-element elementor-element-a50d7a7 elementor-widget elementor-widget-text-editor\" data-id=\"a50d7a7\" data-element_type=\"widget\" data-widget_type=\"text-editor.default\">\n\t\t\t\t<div class=\"elementor-widget-container\">\n\t\t\t\t\t\t\t<p>Om du har n\u00e5gra fr\u00e5gor kontakta oss<\/p><p>Gretas Br\u00f6dbutik &amp; Caf\u00e9 <span style=\"text-decoration: underline;\">0303-81810<\/span><\/p><p>eller<\/p><p>Caf\u00e9 Oasen <span style=\"text-decoration: underline;\">0303-80034<\/span><\/p>\t\t\t\t\t\t<\/div>\n\t\t\t\t<\/div>\n\t\t\t\t\t<\/div>\n\t\t<\/div>\n\t\t\t\t\t\t\t<\/div>\n\t\t<\/section>\n\t\t\t\t<section class=\"elementor-section elementor-top-section elementor-element elementor-element-2349b6e elementor-section-stretched elementor-section-boxed elementor-section-height-default elementor-section-height-default\" data-id=\"2349b6e\" data-element_type=\"section\" data-settings=\"{&quot;stretch_section&quot;:&quot;section-stretched&quot;,&quot;background_background&quot;:&quot;classic&quot;}\">\n\t\t\t\t\t\t<div class=\"elementor-container elementor-column-gap-default\">\n\t\t\t\t\t<div class=\"elementor-column elementor-col-50 elementor-top-column elementor-element elementor-element-4cd1c17\" data-id=\"4cd1c17\" data-element_type=\"column\">\n\t\t\t<div class=\"elementor-widget-wrap elementor-element-populated\">\n\t\t\t\t\t\t\t\t<div class=\"elementor-element elementor-element-717592f elementor-widget elementor-widget-text-editor\" data-id=\"717592f\" data-element_type=\"widget\" data-widget_type=\"text-editor.default\">\n\t\t\t\t<div class=\"elementor-widget-container\">\n\t\t\t\t\t\t\t<div role=\"form\" class=\"wpcf7\" id=\"wpcf7-f480-o1\" lang=\"sv-SE\" dir=\"ltr\">\n<div class=\"screen-reader-response\"><p role=\"status\" aria-live=\"polite\" aria-atomic=\"true\"><\/p> <ul><\/ul><\/div>\n<form action=\"\/index.php?rest_route=%2Fwp%2Fv2%2Fpages%2F477#wpcf7-f480-o1\" method=\"post\" class=\"wpcf7-form init\" novalidate=\"novalidate\" data-status=\"init\">\n<div style=\"display: none;\">\n<input type=\"hidden\" name=\"_wpcf7\" value=\"480\" \/>\n<input type=\"hidden\" name=\"_wpcf7_version\" value=\"5.6.4\" \/>\n<input type=\"hidden\" name=\"_wpcf7_locale\" value=\"sv_SE\" \/>\n<input type=\"hidden\" name=\"_wpcf7_unit_tag\" value=\"wpcf7-f480-o1\" \/>\n<input type=\"hidden\" name=\"_wpcf7_container_post\" value=\"0\" \/>\n<input type=\"hidden\" name=\"_wpcf7_posted_data_hash\" value=\"\" \/>\n<\/div>\n<p>F\u00f6rnamn*<br \/>\n<span class=\"wpcf7-form-control-wrap\" data-name=\"Firstname\"><input type=\"text\" name=\"Firstname\" value=\"\" size=\"40\" class=\"wpcf7-form-control wpcf7-text wpcf7-validates-as-required\" aria-required=\"true\" aria-invalid=\"false\" \/><\/span><br \/>\nEfternamn*<br \/>\n<span class=\"wpcf7-form-control-wrap\" data-name=\"efternamn\"><input type=\"text\" name=\"efternamn\" value=\"\" size=\"40\" class=\"wpcf7-form-control wpcf7-text wpcf7-validates-as-required\" aria-required=\"true\" aria-invalid=\"false\" \/><\/span><br \/>\nF\u00f6retag<br \/>\n<span class=\"wpcf7-form-control-wrap\" data-name=\"fretag\"><input type=\"text\" name=\"fretag\" value=\"\" size=\"40\" class=\"wpcf7-form-control wpcf7-text\" aria-invalid=\"false\" \/><\/span><br \/>\nTelefonnummer*<br \/>\n<span class=\"wpcf7-form-control-wrap\" data-name=\"Telefonnummer\"><input type=\"text\" name=\"Telefonnummer\" value=\"\" size=\"40\" class=\"wpcf7-form-control wpcf7-text wpcf7-validates-as-required\" aria-required=\"true\" aria-invalid=\"false\" \/><\/span><br \/>\nEmail*<br \/>\n<span class=\"wpcf7-form-control-wrap\" data-name=\"Email\"><input type=\"email\" name=\"Email\" value=\"\" size=\"40\" class=\"wpcf7-form-control wpcf7-text wpcf7-email wpcf7-validates-as-required wpcf7-validates-as-email\" aria-required=\"true\" aria-invalid=\"false\" \/><\/span><br \/>\nVad vill du best\u00e4lla?*<br \/>\n<span class=\"wpcf7-form-control-wrap\" data-name=\"Vadvilldubestlla\"><input type=\"text\" name=\"Vadvilldubestlla\" value=\"\" size=\"40\" class=\"wpcf7-form-control wpcf7-text wpcf7-validates-as-required\" aria-required=\"true\" aria-invalid=\"false\" \/><\/span><br \/>\nAntal och Storlek*<br \/>\n<span class=\"wpcf7-form-control-wrap\" data-name=\"antal\"><input type=\"text\" name=\"antal\" value=\"\" size=\"40\" class=\"wpcf7-form-control wpcf7-text wpcf7-validates-as-required\" aria-required=\"true\" aria-invalid=\"false\" \/><\/span><br \/>\nExtra text till t\u00e5rta<br \/>\n<span class=\"wpcf7-form-control-wrap\" data-name=\"Extratext\"><input type=\"text\" name=\"Extratext\" value=\"\" size=\"40\" class=\"wpcf7-form-control wpcf7-text\" aria-invalid=\"false\" \/><\/span><br \/>\nAllergener<br \/>\n<span class=\"wpcf7-form-control-wrap\" data-name=\"allergener\"><input type=\"text\" name=\"allergener\" value=\"\" size=\"40\" class=\"wpcf7-form-control wpcf7-text\" aria-invalid=\"false\" \/><\/span><br \/>\nVart vill du h\u00e4mta?*<br \/>\n<span class=\"wpcf7-form-control-wrap\" data-name=\"vartvillduhmta\"><span class=\"wpcf7-form-control wpcf7-checkbox wpcf7-validates-as-required wpcf7-exclusive-checkbox\"><span class=\"wpcf7-list-item first\"><label><input type=\"checkbox\" name=\"vartvillduhmta\" value=\"Bageriet innan klockan 08.00\" \/><span class=\"wpcf7-list-item-label\">Bageriet innan klockan 08.00<\/span><\/label><\/span><span class=\"wpcf7-list-item\"><label><input type=\"checkbox\" name=\"vartvillduhmta\" value=\"Caf\u00e9 Oasen efter klockan 10.00\" \/><span class=\"wpcf7-list-item-label\">Caf\u00e9 Oasen efter klockan 10.00<\/span><\/label><\/span><span class=\"wpcf7-list-item last\"><label><input type=\"checkbox\" name=\"vartvillduhmta\" value=\"Gretas Br\u00f6dbutik &amp; Caf\u00e9 efter klockan 10.00\" \/><span class=\"wpcf7-list-item-label\">Gretas Br\u00f6dbutik &amp; Caf\u00e9 efter klockan 10.00<\/span><\/label><\/span><\/span><\/span><br \/>\nDatum vid upph\u00e4mtning*<br \/>\n<span class=\"wpcf7-form-control-wrap\" data-name=\"Datum\"><input type=\"date\" name=\"Datum\" value=\"\" class=\"wpcf7-form-control wpcf7-date wpcf7-validates-as-required wpcf7-validates-as-date\" aria-required=\"true\" aria-invalid=\"false\" \/><\/span><br \/>\nTid f\u00f6r upph\u00e4mtning*<br \/>\n<span class=\"wpcf7-form-control-wrap\" data-name=\"Tidfrupphmtning\"><input type=\"text\" name=\"Tidfrupphmtning\" value=\"\" size=\"40\" class=\"wpcf7-form-control wpcf7-text wpcf7-validates-as-required\" aria-required=\"true\" aria-invalid=\"false\" \/><\/span><br \/>\n<input type=\"submit\" value=\"Skicka\" class=\"wpcf7-form-control has-spinner wpcf7-submit\" \/><\/p>\n<div class=\"wpcf7-response-output\" aria-hidden=\"true\"><\/div><\/form><\/div>\t\t\t\t\t\t<\/div>\n\t\t\t\t<\/div>\n\t\t\t\t\t<\/div>\n\t\t<\/div>\n\t\t\t\t<div class=\"elementor-column elementor-col-50 elementor-top-column elementor-element elementor-element-477be25\" data-id=\"477be25\" data-element_type=\"column\">\n\t\t\t<div class=\"elementor-widget-wrap elementor-element-populated\">\n\t\t\t\t\t\t\t\t<div class=\"elementor-element elementor-element-a263cc4 elementor-widget elementor-widget-image\" data-id=\"a263cc4\" data-element_type=\"widget\" data-widget_type=\"image.default\">\n\t\t\t\t<div class=\"elementor-widget-container\">\n\t\t\t\t\t\t\t\t\t\t\t\t\t\t\t<img width=\"1024\" height=\"768\" src=\"https:\/\/www.farmorgretas.se\/wp-content\/uploads\/2020\/09\/collage-15-1024x768.png\" class=\"attachment-large size-large wp-image-191\" alt=\"\" loading=\"lazy\" srcset=\"https:\/\/www.farmorgretas.se\/wp-content\/uploads\/2020\/09\/collage-15-1024x768.png 1024w, https:\/\/www.farmorgretas.se\/wp-content\/uploads\/2020\/09\/collage-15-300x225.png 300w, https:\/\/www.farmorgretas.se\/wp-content\/uploads\/2020\/09\/collage-15-768x576.png 768w, https:\/\/www.farmorgretas.se\/wp-content\/uploads\/2020\/09\/collage-15-1536x1152.png 1536w, https:\/\/www.farmorgretas.se\/wp-content\/uploads\/2020\/09\/collage-15.png 1890w\" sizes=\"(max-width: 1024px) 100vw, 1024px\" \/>\t\t\t\t\t\t\t\t\t\t\t\t\t\t\t<\/div>\n\t\t\t\t<\/div>\n\t\t\t\t<div class=\"elementor-element elementor-element-8651092 elementor-widget elementor-widget-image\" data-id=\"8651092\" data-element_type=\"widget\" data-widget_type=\"image.default\">\n\t\t\t\t<div class=\"elementor-widget-container\">\n\t\t\t\t\t\t\t\t\t\t\t\t\t\t\t<img width=\"1024\" height=\"768\" src=\"https:\/\/www.farmorgretas.se\/wp-content\/uploads\/2020\/09\/Collage-smorgastartor-1024x768.png\" class=\"attachment-large size-large wp-image-283\" alt=\"\" loading=\"lazy\" srcset=\"https:\/\/www.farmorgretas.se\/wp-content\/uploads\/2020\/09\/Collage-smorgastartor-1024x768.png 1024w, https:\/\/www.farmorgretas.se\/wp-content\/uploads\/2020\/09\/Collage-smorgastartor-300x225.png 300w, https:\/\/www.farmorgretas.se\/wp-content\/uploads\/2020\/09\/Collage-smorgastartor-768x576.png 768w, https:\/\/www.farmorgretas.se\/wp-content\/uploads\/2020\/09\/Collage-smorgastartor-1536x1152.png 1536w, https:\/\/www.farmorgretas.se\/wp-content\/uploads\/2020\/09\/Collage-smorgastartor.png 1890w\" sizes=\"(max-width: 1024px) 100vw, 1024px\" \/>\t\t\t\t\t\t\t\t\t\t\t\t\t\t\t<\/div>\n\t\t\t\t<\/div>\n\t\t\t\t<div class=\"elementor-element elementor-element-5d996cf elementor-widget elementor-widget-image\" data-id=\"5d996cf\" data-element_type=\"widget\" data-widget_type=\"image.default\">\n\t\t\t\t<div class=\"elementor-widget-container\">\n\t\t\t\t\t\t\t\t\t\t\t\t\t\t\t<img width=\"1024\" height=\"768\" src=\"https:\/\/www.farmorgretas.se\/wp-content\/uploads\/2020\/09\/collage-tarta-12-1024x768.png\" class=\"attachment-large size-large wp-image-404\" alt=\"\" loading=\"lazy\" srcset=\"https:\/\/www.farmorgretas.se\/wp-content\/uploads\/2020\/09\/collage-tarta-12-1024x768.png 1024w, https:\/\/www.farmorgretas.se\/wp-content\/uploads\/2020\/09\/collage-tarta-12-300x225.png 300w, https:\/\/www.farmorgretas.se\/wp-content\/uploads\/2020\/09\/collage-tarta-12-768x576.png 768w, https:\/\/www.farmorgretas.se\/wp-content\/uploads\/2020\/09\/collage-tarta-12-1536x1152.png 1536w, https:\/\/www.farmorgretas.se\/wp-content\/uploads\/2020\/09\/collage-tarta-12.png 1890w\" sizes=\"(max-width: 1024px) 100vw, 1024px\" \/>\t\t\t\t\t\t\t\t\t\t\t\t\t\t\t<\/div>\n\t\t\t\t<\/div>\n\t\t\t\t\t<\/div>\n\t\t<\/div>\n\t\t\t\t\t\t\t<\/div>\n\t\t<\/section>\n\t\t\t\t<section class=\"elementor-section elementor-top-section elementor-element elementor-element-71c03b0 elementor-section-height-min-height elementor-section-stretched elementor-section-boxed elementor-section-height-default elementor-section-items-middle\" data-id=\"71c03b0\" data-element_type=\"section\" data-settings=\"{&quot;stretch_section&quot;:&quot;section-stretched&quot;,&quot;background_background&quot;:&quot;classic&quot;}\">\n\t\t\t\t\t\t<div class=\"elementor-container elementor-column-gap-default\">\n\t\t\t\t\t<div class=\"elementor-column elementor-col-100 elementor-top-column elementor-element elementor-element-73912d5\" data-id=\"73912d5\" data-element_type=\"column\">\n\t\t\t<div class=\"elementor-widget-wrap\">\n\t\t\t\t\t\t\t\t\t<\/div>\n\t\t<\/div>\n\t\t\t\t\t\t\t<\/div>\n\t\t<\/section>\n\t\t\t\t\t\t\t<\/div>\n\t\t","protected":false},"excerpt":{"rendered":"<p>Best\u00e4ll Best\u00e4ll Best\u00e4llningen \u00e4r inte godk\u00e4nd f\u00f6rens du har f\u00e5tt en bekr\u00e4ftelse p\u00e5 din mail fr\u00e5n farmor gretas. vardagar m\u00e5ste Best\u00e4llning ske innan klockan 16.00 dagen innan upph\u00e4mtning. Best\u00e4llning till l\u00f6rdag &amp; s\u00f6ndag m\u00e5ste ske innan klockan 16.00 p\u00e5 fredag innan upph\u00e4mtning. Barnt\u00e5rtor och dopt\u00e5rtor finns i 8-bit, 12-bit, 16-bit eller 20-bit M\u00e5ste best\u00e4llas 5 &hellip;<\/p>\n<p class=\"read-more\"> <a class=\"\" href=\"https:\/\/www.farmorgretas.se\/?page_id=477\"> <span class=\"screen-reader-text\">Best\u00e4ll<\/span> L\u00e4s mer &raquo;<\/a><\/p>\n","protected":false},"author":1,"featured_media":0,"parent":0,"menu_order":0,"comment_status":"closed","ping_status":"closed","template":"","meta":{"site-sidebar-layout":"no-sidebar","site-content-layout":"page-builder","ast-main-header-display":"","ast-hfb-above-header-display":"","ast-hfb-below-header-display":"","ast-hfb-mobile-header-display":"","site-post-title":"disabled","ast-breadcrumbs-content":"","ast-featured-img":"disabled","footer-sml-layout":"","theme-transparent-header-meta":"default","adv-header-id-meta":"","stick-header-meta":"","header-above-stick-meta":"","header-main-stick-meta":"","header-below-stick-meta":""},"_links":{"self":[{"href":"https:\/\/www.farmorgretas.se\/index.php?rest_route=\/wp\/v2\/pages\/477"}],"collection":[{"href":"https:\/\/www.farmorgretas.se\/index.php?rest_route=\/wp\/v2\/pages"}],"about":[{"href":"https:\/\/www.farmorgretas.se\/index.php?rest_route=\/wp\/v2\/types\/page"}],"author":[{"embeddable":true,"href":"https:\/\/www.farmorgretas.se\/index.php?rest_route=\/wp\/v2\/users\/1"}],"replies":[{"embeddable":true,"href":"https:\/\/www.farmorgretas.se\/index.php?rest_route=%2Fwp%2Fv2%2Fcomments&post=477"}],"version-history":[{"count":26,"href":"https:\/\/www.farmorgretas.se\/index.php?rest_route=\/wp\/v2\/pages\/477\/revisions"}],"predecessor-version":[{"id":560,"href":"https:\/\/www.farmorgretas.se\/index.php?rest_route=\/wp\/v2\/pages\/477\/revisions\/560"}],"wp:attachment":[{"href":"https:\/\/www.farmorgretas.se\/index.php?rest_route=%2Fwp%2Fv2%2Fmedia&parent=477"}],"curies":[{"name":"wp","href":"https:\/\/api.w.org\/{rel}","templated":true}]}}