{"id":30,"date":"2020-08-18T14:27:16","date_gmt":"2020-08-18T13:27:16","guid":{"rendered":"https:\/\/new.farmorgretas.se\/?page_id=30"},"modified":"2020-11-02T17:56:52","modified_gmt":"2020-11-02T16:56:52","slug":"om-oss","status":"publish","type":"page","link":"https:\/\/www.farmorgretas.se\/?page_id=30","title":{"rendered":"Om oss"},"content":{"rendered":"\t\t<div data-elementor-type=\"wp-page\" data-elementor-id=\"30\" class=\"elementor elementor-30\">\n\t\t\t\t\t\t\t\t\t<section class=\"elementor-section elementor-top-section elementor-element elementor-element-4a2797d elementor-section-stretched elementor-section-height-min-height elementor-section-boxed elementor-section-height-default elementor-section-items-middle\" data-id=\"4a2797d\" data-element_type=\"section\" data-settings=\"{&quot;stretch_section&quot;:&quot;section-stretched&quot;,&quot;background_background&quot;:&quot;classic&quot;}\">\n\t\t\t\t\t\t<div class=\"elementor-container elementor-column-gap-default\">\n\t\t\t\t\t<div class=\"elementor-column elementor-col-100 elementor-top-column elementor-element elementor-element-89e4d44\" data-id=\"89e4d44\" data-element_type=\"column\">\n\t\t\t<div class=\"elementor-widget-wrap elementor-element-populated\">\n\t\t\t\t\t\t\t\t<div class=\"elementor-element elementor-element-f247446 animated-slow elementor-invisible elementor-widget elementor-widget-heading\" data-id=\"f247446\" data-element_type=\"widget\" data-settings=\"{&quot;_animation&quot;:&quot;fadeInDown&quot;}\" data-widget_type=\"heading.default\">\n\t\t\t\t<div class=\"elementor-widget-container\">\n\t\t\t<h2 class=\"elementor-heading-title elementor-size-xl\">om farmor greta<\/h2>\t\t<\/div>\n\t\t\t\t<\/div>\n\t\t\t\t<div class=\"elementor-element elementor-element-af2d682 animated-slow elementor-widget-divider--view-line elementor-invisible elementor-widget elementor-widget-divider\" data-id=\"af2d682\" data-element_type=\"widget\" data-settings=\"{&quot;_animation&quot;:&quot;fadeInUp&quot;}\" data-widget_type=\"divider.default\">\n\t\t\t\t<div class=\"elementor-widget-container\">\n\t\t\t\t\t<div class=\"elementor-divider\">\n\t\t\t<span class=\"elementor-divider-separator\">\n\t\t\t\t\t\t<\/span>\n\t\t<\/div>\n\t\t\t\t<\/div>\n\t\t\t\t<\/div>\n\t\t\t\t\t<\/div>\n\t\t<\/div>\n\t\t\t\t\t\t\t<\/div>\n\t\t<\/section>\n\t\t\t\t<section class=\"elementor-section elementor-top-section elementor-element elementor-element-55664db elementor-section-stretched elementor-section-boxed elementor-section-height-default elementor-section-height-default\" data-id=\"55664db\" data-element_type=\"section\" data-settings=\"{&quot;stretch_section&quot;:&quot;section-stretched&quot;,&quot;background_background&quot;:&quot;classic&quot;}\">\n\t\t\t\t\t\t<div class=\"elementor-container elementor-column-gap-default\">\n\t\t\t\t\t<div class=\"elementor-column elementor-col-33 elementor-top-column elementor-element elementor-element-fec19cd\" data-id=\"fec19cd\" data-element_type=\"column\">\n\t\t\t<div class=\"elementor-widget-wrap elementor-element-populated\">\n\t\t\t\t\t\t\t\t<div class=\"elementor-element elementor-element-c0bb6ef elementor-widget elementor-widget-image\" data-id=\"c0bb6ef\" data-element_type=\"widget\" data-widget_type=\"image.default\">\n\t\t\t\t<div class=\"elementor-widget-container\">\n\t\t\t\t\t\t\t\t\t\t\t\t\t\t\t\t<a href=\"https:\/\/new.farmorgretas.se\/wp-content\/uploads\/2020\/08\/bagare.jpg\" data-elementor-open-lightbox=\"yes\" data-e-action-hash=\"#elementor-action%3Aaction%3Dlightbox%26settings%3DeyJpZCI6MTE0LCJ1cmwiOiJodHRwczpcL1wvd3d3LmZhcm1vcmdyZXRhcy5zZVwvd3AtY29udGVudFwvdXBsb2Fkc1wvMjAyMFwvMDhcL2JhZ2FyZS5qcGcifQ%3D%3D\">\n\t\t\t\t\t\t\t<img width=\"238\" height=\"443\" src=\"https:\/\/www.farmorgretas.se\/wp-content\/uploads\/2020\/08\/bagare.jpg\" class=\"attachment-large size-large wp-image-114\" alt=\"\" loading=\"lazy\" srcset=\"https:\/\/www.farmorgretas.se\/wp-content\/uploads\/2020\/08\/bagare.jpg 238w, https:\/\/www.farmorgretas.se\/wp-content\/uploads\/2020\/08\/bagare-161x300.jpg 161w\" sizes=\"(max-width: 238px) 100vw, 238px\" \/>\t\t\t\t\t\t\t\t<\/a>\n\t\t\t\t\t\t\t\t\t\t\t\t\t\t\t<\/div>\n\t\t\t\t<\/div>\n\t\t\t\t\t<\/div>\n\t\t<\/div>\n\t\t\t\t<div class=\"elementor-column elementor-col-66 elementor-top-column elementor-element elementor-element-408671d\" data-id=\"408671d\" data-element_type=\"column\">\n\t\t\t<div class=\"elementor-widget-wrap elementor-element-populated\">\n\t\t\t\t\t\t\t\t<div class=\"elementor-element elementor-element-a9ccc89 elementor-widget elementor-widget-heading\" data-id=\"a9ccc89\" data-element_type=\"widget\" data-widget_type=\"heading.default\">\n\t\t\t\t<div class=\"elementor-widget-container\">\n\t\t\t<h2 class=\"elementor-heading-title elementor-size-default\">Om Farmor Greta<\/h2>\t\t<\/div>\n\t\t\t\t<\/div>\n\t\t\t\t<div class=\"elementor-element elementor-element-8b04c49 elementor-widget elementor-widget-text-editor\" data-id=\"8b04c49\" data-element_type=\"widget\" data-widget_type=\"text-editor.default\">\n\t\t\t\t<div class=\"elementor-widget-container\">\n\t\t\t\t\t\t\t<p>Farmor Gretas Bageri och Konditori AB \u00e4r ett<br \/>familjef\u00f6retag, som grundades redan 1955, och drivs idag av den tredje generationens bagare.<br \/>Bageriet ligger i Munker\u00f6ds industriomr\u00e5de.<\/p>\t\t\t\t\t\t<\/div>\n\t\t\t\t<\/div>\n\t\t\t\t\t<\/div>\n\t\t<\/div>\n\t\t\t\t\t\t\t<\/div>\n\t\t<\/section>\n\t\t\t\t<section class=\"elementor-section elementor-top-section elementor-element elementor-element-fb35a60 elementor-section-stretched elementor-section-boxed elementor-section-height-default elementor-section-height-default\" data-id=\"fb35a60\" data-element_type=\"section\" data-settings=\"{&quot;stretch_section&quot;:&quot;section-stretched&quot;,&quot;background_background&quot;:&quot;classic&quot;}\">\n\t\t\t\t\t\t<div class=\"elementor-container elementor-column-gap-default\">\n\t\t\t\t\t<div class=\"elementor-column elementor-col-33 elementor-top-column elementor-element elementor-element-bf7b0c0\" data-id=\"bf7b0c0\" data-element_type=\"column\">\n\t\t\t<div class=\"elementor-widget-wrap elementor-element-populated\">\n\t\t\t\t\t\t\t\t<div class=\"elementor-element elementor-element-8c83c81 elementor-widget elementor-widget-image\" data-id=\"8c83c81\" data-element_type=\"widget\" data-widget_type=\"image.default\">\n\t\t\t\t<div class=\"elementor-widget-container\">\n\t\t\t\t\t\t\t\t\t\t\t\t\t\t\t\t<a href=\"https:\/\/new.farmorgretas.se\/wp-content\/uploads\/2020\/09\/43201698_1990934767639724_8795377880088444928_o.jpg\" data-elementor-open-lightbox=\"yes\" data-elementor-lightbox-title=\"Kanelbulle\" data-e-action-hash=\"#elementor-action%3Aaction%3Dlightbox%26settings%3DeyJpZCI6MjIwLCJ1cmwiOiJodHRwczpcL1wvd3d3LmZhcm1vcmdyZXRhcy5zZVwvd3AtY29udGVudFwvdXBsb2Fkc1wvMjAyMFwvMDlcLzQzMjAxNjk4XzE5OTA5MzQ3Njc2Mzk3MjRfODc5NTM3Nzg4MDA4ODQ0NDkyOF9vLmpwZyJ9\">\n\t\t\t\t\t\t\t<img width=\"1024\" height=\"1024\" src=\"https:\/\/www.farmorgretas.se\/wp-content\/uploads\/2020\/09\/43201698_1990934767639724_8795377880088444928_o-1024x1024.jpg\" class=\"attachment-large size-large wp-image-220\" alt=\"\" loading=\"lazy\" srcset=\"https:\/\/www.farmorgretas.se\/wp-content\/uploads\/2020\/09\/43201698_1990934767639724_8795377880088444928_o-1024x1024.jpg 1024w, https:\/\/www.farmorgretas.se\/wp-content\/uploads\/2020\/09\/43201698_1990934767639724_8795377880088444928_o-300x300.jpg 300w, https:\/\/www.farmorgretas.se\/wp-content\/uploads\/2020\/09\/43201698_1990934767639724_8795377880088444928_o-150x150.jpg 150w, https:\/\/www.farmorgretas.se\/wp-content\/uploads\/2020\/09\/43201698_1990934767639724_8795377880088444928_o-768x768.jpg 768w, https:\/\/www.farmorgretas.se\/wp-content\/uploads\/2020\/09\/43201698_1990934767639724_8795377880088444928_o.jpg 1080w\" sizes=\"(max-width: 1024px) 100vw, 1024px\" \/>\t\t\t\t\t\t\t\t<\/a>\n\t\t\t\t\t\t\t\t\t\t\t\t\t\t\t<\/div>\n\t\t\t\t<\/div>\n\t\t\t\t\t<\/div>\n\t\t<\/div>\n\t\t\t\t<div class=\"elementor-column elementor-col-33 elementor-top-column elementor-element elementor-element-3e4af6f\" data-id=\"3e4af6f\" data-element_type=\"column\">\n\t\t\t<div class=\"elementor-widget-wrap elementor-element-populated\">\n\t\t\t\t\t\t\t\t<div class=\"elementor-element elementor-element-232b6c2 elementor-widget elementor-widget-image\" data-id=\"232b6c2\" data-element_type=\"widget\" data-widget_type=\"image.default\">\n\t\t\t\t<div class=\"elementor-widget-container\">\n\t\t\t\t\t\t\t\t\t\t\t\t\t\t\t\t<a href=\"https:\/\/new.farmorgretas.se\/wp-content\/uploads\/2020\/09\/73939_107446165988603_1072523_n.jpg\" data-elementor-open-lightbox=\"yes\" data-elementor-lightbox-title=\"Lyxsm\u00f6rg\u00e5st\u00e5rta\" data-e-action-hash=\"#elementor-action%3Aaction%3Dlightbox%26settings%3DeyJpZCI6MjkyLCJ1cmwiOiJodHRwczpcL1wvd3d3LmZhcm1vcmdyZXRhcy5zZVwvd3AtY29udGVudFwvdXBsb2Fkc1wvMjAyMFwvMDlcLzczOTM5XzEwNzQ0NjE2NTk4ODYwM18xMDcyNTIzX24uanBnIn0%3D\">\n\t\t\t\t\t\t\t<img width=\"720\" height=\"540\" src=\"https:\/\/www.farmorgretas.se\/wp-content\/uploads\/2020\/09\/73939_107446165988603_1072523_n.jpg\" class=\"attachment-large size-large wp-image-292\" alt=\"\" loading=\"lazy\" srcset=\"https:\/\/www.farmorgretas.se\/wp-content\/uploads\/2020\/09\/73939_107446165988603_1072523_n.jpg 720w, https:\/\/www.farmorgretas.se\/wp-content\/uploads\/2020\/09\/73939_107446165988603_1072523_n-300x225.jpg 300w\" sizes=\"(max-width: 720px) 100vw, 720px\" \/>\t\t\t\t\t\t\t\t<\/a>\n\t\t\t\t\t\t\t\t\t\t\t\t\t\t\t<\/div>\n\t\t\t\t<\/div>\n\t\t\t\t\t<\/div>\n\t\t<\/div>\n\t\t\t\t<div class=\"elementor-column elementor-col-33 elementor-top-column elementor-element elementor-element-bdef3c7\" data-id=\"bdef3c7\" data-element_type=\"column\">\n\t\t\t<div class=\"elementor-widget-wrap elementor-element-populated\">\n\t\t\t\t\t\t\t\t<div class=\"elementor-element elementor-element-8cfa244 elementor-widget elementor-widget-image\" data-id=\"8cfa244\" data-element_type=\"widget\" data-widget_type=\"image.default\">\n\t\t\t\t<div class=\"elementor-widget-container\">\n\t\t\t\t\t\t\t\t\t\t\t\t\t\t\t\t<a href=\"https:\/\/new.farmorgretas.se\/wp-content\/uploads\/2020\/09\/1934272_1055032007896676_7074571524840671673_n.jpg\" data-elementor-open-lightbox=\"yes\" data-elementor-lightbox-title=\"Princesst\u00e5rta P\u00e5sk\" data-e-action-hash=\"#elementor-action%3Aaction%3Dlightbox%26settings%3DeyJpZCI6MjczLCJ1cmwiOiJodHRwczpcL1wvd3d3LmZhcm1vcmdyZXRhcy5zZVwvd3AtY29udGVudFwvdXBsb2Fkc1wvMjAyMFwvMDlcLzE5MzQyNzJfMTA1NTAzMjAwNzg5NjY3Nl83MDc0NTcxNTI0ODQwNjcxNjczX24uanBnIn0%3D\">\n\t\t\t\t\t\t\t<img width=\"960\" height=\"960\" src=\"https:\/\/www.farmorgretas.se\/wp-content\/uploads\/2020\/09\/1934272_1055032007896676_7074571524840671673_n.jpg\" class=\"attachment-full size-full wp-image-273\" alt=\"\" loading=\"lazy\" srcset=\"https:\/\/www.farmorgretas.se\/wp-content\/uploads\/2020\/09\/1934272_1055032007896676_7074571524840671673_n.jpg 960w, https:\/\/www.farmorgretas.se\/wp-content\/uploads\/2020\/09\/1934272_1055032007896676_7074571524840671673_n-300x300.jpg 300w, https:\/\/www.farmorgretas.se\/wp-content\/uploads\/2020\/09\/1934272_1055032007896676_7074571524840671673_n-150x150.jpg 150w, https:\/\/www.farmorgretas.se\/wp-content\/uploads\/2020\/09\/1934272_1055032007896676_7074571524840671673_n-768x768.jpg 768w\" sizes=\"(max-width: 960px) 100vw, 960px\" \/>\t\t\t\t\t\t\t\t<\/a>\n\t\t\t\t\t\t\t\t\t\t\t\t\t\t\t<\/div>\n\t\t\t\t<\/div>\n\t\t\t\t\t<\/div>\n\t\t<\/div>\n\t\t\t\t\t\t\t<\/div>\n\t\t<\/section>\n\t\t\t\t<section class=\"elementor-section elementor-top-section elementor-element elementor-element-d77bcec elementor-section-stretched elementor-section-boxed elementor-section-height-default elementor-section-height-default\" data-id=\"d77bcec\" data-element_type=\"section\" data-settings=\"{&quot;stretch_section&quot;:&quot;section-stretched&quot;,&quot;background_background&quot;:&quot;classic&quot;}\">\n\t\t\t\t\t\t<div class=\"elementor-container elementor-column-gap-default\">\n\t\t\t\t\t<div class=\"elementor-column elementor-col-100 elementor-top-column elementor-element elementor-element-328cc9c\" data-id=\"328cc9c\" data-element_type=\"column\">\n\t\t\t<div class=\"elementor-widget-wrap elementor-element-populated\">\n\t\t\t\t\t\t\t\t<div class=\"elementor-element elementor-element-c0752e4 elementor-widget elementor-widget-heading\" data-id=\"c0752e4\" data-element_type=\"widget\" data-widget_type=\"heading.default\">\n\t\t\t\t<div class=\"elementor-widget-container\">\n\t\t\t<h2 class=\"elementor-heading-title elementor-size-default\">Caf\u00e9er<\/h2>\t\t<\/div>\n\t\t\t\t<\/div>\n\t\t\t\t<div class=\"elementor-element elementor-element-d199f6c elementor-widget elementor-widget-text-editor\" data-id=\"d199f6c\" data-element_type=\"widget\" data-widget_type=\"text-editor.default\">\n\t\t\t\t<div class=\"elementor-widget-container\">\n\t\t\t\t\t\t\t<p>Farmor Greta har tv\u00e5 olika Caf\u00e9er d\u00e4r du kan k\u00f6pa dagsf\u00e4rskt br\u00f6d, t\u00e5rtor, bakelser, sm\u00f6rg\u00e5st\u00e5rtor och mycket mer.<\/p>\t\t\t\t\t\t<\/div>\n\t\t\t\t<\/div>\n\t\t\t\t<section class=\"elementor-section elementor-inner-section elementor-element elementor-element-0727a89 elementor-section-boxed elementor-section-height-default elementor-section-height-default\" data-id=\"0727a89\" data-element_type=\"section\">\n\t\t\t\t\t\t<div class=\"elementor-container elementor-column-gap-default\">\n\t\t\t\t\t<div class=\"elementor-column elementor-col-50 elementor-inner-column elementor-element elementor-element-ae29ad2\" data-id=\"ae29ad2\" data-element_type=\"column\">\n\t\t\t<div class=\"elementor-widget-wrap elementor-element-populated\">\n\t\t\t\t\t\t\t\t<div class=\"elementor-element elementor-element-1fac86f elementor-widget elementor-widget-heading\" data-id=\"1fac86f\" data-element_type=\"widget\" data-widget_type=\"heading.default\">\n\t\t\t\t<div class=\"elementor-widget-container\">\n\t\t\t<h2 class=\"elementor-heading-title elementor-size-default\">Caf\u00e9 Oasen<\/h2>\t\t<\/div>\n\t\t\t\t<\/div>\n\t\t\t\t<div class=\"elementor-element elementor-element-68897cd elementor-pagination-position-outside elementor-widget elementor-widget-image-carousel\" data-id=\"68897cd\" data-element_type=\"widget\" data-settings=\"{&quot;slides_to_show&quot;:&quot;1&quot;,&quot;navigation&quot;:&quot;dots&quot;,&quot;autoplay&quot;:&quot;yes&quot;,&quot;pause_on_hover&quot;:&quot;yes&quot;,&quot;pause_on_interaction&quot;:&quot;yes&quot;,&quot;autoplay_speed&quot;:5000,&quot;infinite&quot;:&quot;yes&quot;,&quot;effect&quot;:&quot;slide&quot;,&quot;speed&quot;:500}\" data-widget_type=\"image-carousel.default\">\n\t\t\t\t<div class=\"elementor-widget-container\">\n\t\t\t\t\t<div class=\"elementor-image-carousel-wrapper swiper-container\" dir=\"ltr\">\n\t\t\t<div class=\"elementor-image-carousel swiper-wrapper\" aria-live=\"off\">\n\t\t\t\t\t\t\t\t<div class=\"swiper-slide\" role=\"group\" aria-roledescription=\"slide\" aria-label=\"1 av 3\"><a data-elementor-open-lightbox=\"yes\" data-elementor-lightbox-slideshow=\"68897cd\" data-e-action-hash=\"#elementor-action%3Aaction%3Dlightbox%26settings%3DeyJpZCI6NDYwLCJ1cmwiOiJodHRwczpcL1wvd3d3LmZhcm1vcmdyZXRhcy5zZVwvd3AtY29udGVudFwvdXBsb2Fkc1wvMjAyMFwvMDlcL1Jlc2l6ZWRfMjAyMDA5MjVfMDkzOTQ3LmpwZyIsInNsaWRlc2hvdyI6IjY4ODk3Y2QifQ%3D%3D\" href=\"https:\/\/www.farmorgretas.se\/wp-content\/uploads\/2020\/09\/Resized_20200925_093947.jpg\"><figure class=\"swiper-slide-inner\"><img class=\"swiper-slide-image\" src=\"https:\/\/www.farmorgretas.se\/wp-content\/uploads\/2020\/09\/Resized_20200925_093947.jpg\" alt=\"\" \/><\/figure><\/a><\/div><div class=\"swiper-slide\" role=\"group\" aria-roledescription=\"slide\" aria-label=\"2 av 3\"><a data-elementor-open-lightbox=\"yes\" data-elementor-lightbox-slideshow=\"68897cd\" data-e-action-hash=\"#elementor-action%3Aaction%3Dlightbox%26settings%3DeyJpZCI6NDYyLCJ1cmwiOiJodHRwczpcL1wvd3d3LmZhcm1vcmdyZXRhcy5zZVwvd3AtY29udGVudFwvdXBsb2Fkc1wvMjAyMFwvMDlcL1Jlc2l6ZWRfMjAyMDA5MjVfMDkzNjE0LmpwZyIsInNsaWRlc2hvdyI6IjY4ODk3Y2QifQ%3D%3D\" href=\"https:\/\/www.farmorgretas.se\/wp-content\/uploads\/2020\/09\/Resized_20200925_093614.jpg\"><figure class=\"swiper-slide-inner\"><img class=\"swiper-slide-image\" src=\"https:\/\/www.farmorgretas.se\/wp-content\/uploads\/2020\/09\/Resized_20200925_093614.jpg\" alt=\"\" \/><\/figure><\/a><\/div><div class=\"swiper-slide\" role=\"group\" aria-roledescription=\"slide\" aria-label=\"3 av 3\"><a data-elementor-open-lightbox=\"yes\" data-elementor-lightbox-slideshow=\"68897cd\" data-e-action-hash=\"#elementor-action%3Aaction%3Dlightbox%26settings%3DeyJpZCI6NDYxLCJ1cmwiOiJodHRwczpcL1wvd3d3LmZhcm1vcmdyZXRhcy5zZVwvd3AtY29udGVudFwvdXBsb2Fkc1wvMjAyMFwvMDlcL1Jlc2l6ZWRfMjAyMDA5MjVfMDk0MDI2LmpwZyIsInNsaWRlc2hvdyI6IjY4ODk3Y2QifQ%3D%3D\" href=\"https:\/\/www.farmorgretas.se\/wp-content\/uploads\/2020\/09\/Resized_20200925_094026.jpg\"><figure class=\"swiper-slide-inner\"><img class=\"swiper-slide-image\" src=\"https:\/\/www.farmorgretas.se\/wp-content\/uploads\/2020\/09\/Resized_20200925_094026.jpg\" alt=\"\" \/><\/figure><\/a><\/div>\t\t\t<\/div>\n\t\t\t\t\t\t\t\n\t\t\t\t\t\t\t\t\t<div class=\"swiper-pagination\"><\/div>\n\t\t\t\t\t\t\t\t\t<\/div>\n\t\t\t\t<\/div>\n\t\t\t\t<\/div>\n\t\t\t\t\t<\/div>\n\t\t<\/div>\n\t\t\t\t<div class=\"elementor-column elementor-col-50 elementor-inner-column elementor-element elementor-element-cc55dac\" data-id=\"cc55dac\" data-element_type=\"column\">\n\t\t\t<div class=\"elementor-widget-wrap elementor-element-populated\">\n\t\t\t\t\t\t\t\t<div class=\"elementor-element elementor-element-f3061c4 elementor-widget elementor-widget-heading\" data-id=\"f3061c4\" data-element_type=\"widget\" data-widget_type=\"heading.default\">\n\t\t\t\t<div class=\"elementor-widget-container\">\n\t\t\t<h2 class=\"elementor-heading-title elementor-size-default\">Gretas  Br\u00f6dbutik & Caf\u00e9 <\/h2>\t\t<\/div>\n\t\t\t\t<\/div>\n\t\t\t\t<div class=\"elementor-element elementor-element-6b9f573 elementor-pagination-position-outside elementor-widget elementor-widget-image-carousel\" data-id=\"6b9f573\" data-element_type=\"widget\" data-settings=\"{&quot;slides_to_show&quot;:&quot;1&quot;,&quot;navigation&quot;:&quot;dots&quot;,&quot;autoplay&quot;:&quot;yes&quot;,&quot;pause_on_hover&quot;:&quot;yes&quot;,&quot;pause_on_interaction&quot;:&quot;yes&quot;,&quot;autoplay_speed&quot;:5000,&quot;infinite&quot;:&quot;yes&quot;,&quot;effect&quot;:&quot;slide&quot;,&quot;speed&quot;:500}\" data-widget_type=\"image-carousel.default\">\n\t\t\t\t<div class=\"elementor-widget-container\">\n\t\t\t\t\t<div class=\"elementor-image-carousel-wrapper swiper-container\" dir=\"ltr\">\n\t\t\t<div class=\"elementor-image-carousel swiper-wrapper\" aria-live=\"off\">\n\t\t\t\t\t\t\t\t<div class=\"swiper-slide\" role=\"group\" aria-roledescription=\"slide\" aria-label=\"1 av 3\"><a data-elementor-open-lightbox=\"yes\" data-elementor-lightbox-slideshow=\"6b9f573\" data-e-action-hash=\"#elementor-action%3Aaction%3Dlightbox%26settings%3DeyJpZCI6NDU4LCJ1cmwiOiJodHRwczpcL1wvd3d3LmZhcm1vcmdyZXRhcy5zZVwvd3AtY29udGVudFwvdXBsb2Fkc1wvMjAyMFwvMDlcL1Jlc2l6ZWRfMjAyMDA5MjVfMDk0NjE1LmpwZyIsInNsaWRlc2hvdyI6IjZiOWY1NzMifQ%3D%3D\" href=\"https:\/\/www.farmorgretas.se\/wp-content\/uploads\/2020\/09\/Resized_20200925_094615.jpg\"><figure class=\"swiper-slide-inner\"><img class=\"swiper-slide-image\" src=\"https:\/\/www.farmorgretas.se\/wp-content\/uploads\/2020\/09\/Resized_20200925_094615.jpg\" alt=\"\" \/><\/figure><\/a><\/div><div class=\"swiper-slide\" role=\"group\" aria-roledescription=\"slide\" aria-label=\"2 av 3\"><a data-elementor-open-lightbox=\"yes\" data-elementor-lightbox-slideshow=\"6b9f573\" data-e-action-hash=\"#elementor-action%3Aaction%3Dlightbox%26settings%3DeyJpZCI6NDU2LCJ1cmwiOiJodHRwczpcL1wvd3d3LmZhcm1vcmdyZXRhcy5zZVwvd3AtY29udGVudFwvdXBsb2Fkc1wvMjAyMFwvMDlcL1Jlc2l6ZWRfMjAyMDA5MjVfMDk0NDI1LmpwZyIsInNsaWRlc2hvdyI6IjZiOWY1NzMifQ%3D%3D\" href=\"https:\/\/www.farmorgretas.se\/wp-content\/uploads\/2020\/09\/Resized_20200925_094425.jpg\"><figure class=\"swiper-slide-inner\"><img class=\"swiper-slide-image\" src=\"https:\/\/www.farmorgretas.se\/wp-content\/uploads\/2020\/09\/Resized_20200925_094425.jpg\" alt=\"\" \/><\/figure><\/a><\/div><div class=\"swiper-slide\" role=\"group\" aria-roledescription=\"slide\" aria-label=\"3 av 3\"><a data-elementor-open-lightbox=\"yes\" data-elementor-lightbox-slideshow=\"6b9f573\" data-e-action-hash=\"#elementor-action%3Aaction%3Dlightbox%26settings%3DeyJpZCI6NDU3LCJ1cmwiOiJodHRwczpcL1wvd3d3LmZhcm1vcmdyZXRhcy5zZVwvd3AtY29udGVudFwvdXBsb2Fkc1wvMjAyMFwvMDlcL1Jlc2l6ZWRfMjAyMDA5MjVfMDk0NTExLmpwZyIsInNsaWRlc2hvdyI6IjZiOWY1NzMifQ%3D%3D\" href=\"https:\/\/www.farmorgretas.se\/wp-content\/uploads\/2020\/09\/Resized_20200925_094511.jpg\"><figure class=\"swiper-slide-inner\"><img class=\"swiper-slide-image\" src=\"https:\/\/www.farmorgretas.se\/wp-content\/uploads\/2020\/09\/Resized_20200925_094511.jpg\" alt=\"\" \/><\/figure><\/a><\/div>\t\t\t<\/div>\n\t\t\t\t\t\t\t\n\t\t\t\t\t\t\t\t\t<div class=\"swiper-pagination\"><\/div>\n\t\t\t\t\t\t\t\t\t<\/div>\n\t\t\t\t<\/div>\n\t\t\t\t<\/div>\n\t\t\t\t\t<\/div>\n\t\t<\/div>\n\t\t\t\t\t\t\t<\/div>\n\t\t<\/section>\n\t\t\t\t\t<\/div>\n\t\t<\/div>\n\t\t\t\t\t\t\t<\/div>\n\t\t<\/section>\n\t\t\t\t<section class=\"elementor-section elementor-top-section elementor-element elementor-element-418138a elementor-section-stretched elementor-section-boxed elementor-section-height-default elementor-section-height-default\" data-id=\"418138a\" data-element_type=\"section\" data-settings=\"{&quot;stretch_section&quot;:&quot;section-stretched&quot;,&quot;background_background&quot;:&quot;classic&quot;}\">\n\t\t\t\t\t\t<div class=\"elementor-container elementor-column-gap-default\">\n\t\t\t\t\t<div class=\"elementor-column elementor-col-50 elementor-top-column elementor-element elementor-element-8387cbf\" data-id=\"8387cbf\" data-element_type=\"column\">\n\t\t\t<div class=\"elementor-widget-wrap elementor-element-populated\">\n\t\t\t\t\t\t\t\t<div class=\"elementor-element elementor-element-e85f6cf elementor-view-framed elementor-shape-circle elementor-widget elementor-widget-icon\" data-id=\"e85f6cf\" data-element_type=\"widget\" data-widget_type=\"icon.default\">\n\t\t\t\t<div class=\"elementor-widget-container\">\n\t\t\t\t\t<div class=\"elementor-icon-wrapper\">\n\t\t\t<a class=\"elementor-icon elementor-animation-pulse-shrink\" href=\"https:\/\/www.instagram.com\/farmorgretasbrodbutik\/\">\n\t\t\t<i aria-hidden=\"true\" class=\"fab fa-instagram\"><\/i>\t\t\t<\/a>\n\t\t<\/div>\n\t\t\t\t<\/div>\n\t\t\t\t<\/div>\n\t\t\t\t<div class=\"elementor-element elementor-element-d2ab4d4 elementor-widget-divider--view-line elementor-widget elementor-widget-divider\" data-id=\"d2ab4d4\" data-element_type=\"widget\" data-widget_type=\"divider.default\">\n\t\t\t\t<div class=\"elementor-widget-container\">\n\t\t\t\t\t<div class=\"elementor-divider\">\n\t\t\t<span class=\"elementor-divider-separator\">\n\t\t\t\t\t\t<\/span>\n\t\t<\/div>\n\t\t\t\t<\/div>\n\t\t\t\t<\/div>\n\t\t\t\t\t<\/div>\n\t\t<\/div>\n\t\t\t\t<div class=\"elementor-column elementor-col-50 elementor-top-column elementor-element elementor-element-157305a\" data-id=\"157305a\" data-element_type=\"column\">\n\t\t\t<div class=\"elementor-widget-wrap elementor-element-populated\">\n\t\t\t\t\t\t\t\t<div class=\"elementor-element elementor-element-7070445 elementor-view-framed elementor-shape-circle elementor-widget elementor-widget-icon\" data-id=\"7070445\" data-element_type=\"widget\" data-widget_type=\"icon.default\">\n\t\t\t\t<div class=\"elementor-widget-container\">\n\t\t\t\t\t<div class=\"elementor-icon-wrapper\">\n\t\t\t<a class=\"elementor-icon elementor-animation-pulse-shrink\" href=\"https:\/\/sv-se.facebook.com\/pages\/category\/Bakery\/Farmor-Gretas-Bageri-och-Konditori-106715149395038\/\">\n\t\t\t<i aria-hidden=\"true\" class=\"fab fa-facebook-square\"><\/i>\t\t\t<\/a>\n\t\t<\/div>\n\t\t\t\t<\/div>\n\t\t\t\t<\/div>\n\t\t\t\t<div class=\"elementor-element elementor-element-702dffc elementor-widget-divider--view-line elementor-widget elementor-widget-divider\" data-id=\"702dffc\" data-element_type=\"widget\" data-widget_type=\"divider.default\">\n\t\t\t\t<div class=\"elementor-widget-container\">\n\t\t\t\t\t<div class=\"elementor-divider\">\n\t\t\t<span class=\"elementor-divider-separator\">\n\t\t\t\t\t\t<\/span>\n\t\t<\/div>\n\t\t\t\t<\/div>\n\t\t\t\t<\/div>\n\t\t\t\t\t<\/div>\n\t\t<\/div>\n\t\t\t\t\t\t\t<\/div>\n\t\t<\/section>\n\t\t\t\t<section class=\"elementor-section elementor-top-section elementor-element elementor-element-ddad8f8 elementor-section-stretched elementor-section-height-min-height elementor-section-boxed elementor-section-height-default elementor-section-items-middle\" data-id=\"ddad8f8\" data-element_type=\"section\" data-settings=\"{&quot;stretch_section&quot;:&quot;section-stretched&quot;,&quot;background_background&quot;:&quot;classic&quot;}\">\n\t\t\t\t\t\t<div class=\"elementor-container elementor-column-gap-default\">\n\t\t\t\t\t<div class=\"elementor-column elementor-col-100 elementor-top-column elementor-element elementor-element-c087304\" data-id=\"c087304\" data-element_type=\"column\">\n\t\t\t<div class=\"elementor-widget-wrap\">\n\t\t\t\t\t\t\t\t\t<\/div>\n\t\t<\/div>\n\t\t\t\t\t\t\t<\/div>\n\t\t<\/section>\n\t\t\t\t\t\t\t<\/div>\n\t\t","protected":false},"excerpt":{"rendered":"<p>om farmor greta Om Farmor Greta Farmor Gretas Bageri och Konditori AB \u00e4r ettfamiljef\u00f6retag, som grundades redan 1955, och drivs idag av den tredje generationens bagare.Bageriet ligger i Munker\u00f6ds industriomr\u00e5de. Caf\u00e9er Farmor Greta har tv\u00e5 olika Caf\u00e9er d\u00e4r du kan k\u00f6pa dagsf\u00e4rskt br\u00f6d, t\u00e5rtor, bakelser, sm\u00f6rg\u00e5st\u00e5rtor och mycket mer. Caf\u00e9 Oasen Gretas Br\u00f6dbutik &#038; Caf\u00e9<\/p>\n","protected":false},"author":1,"featured_media":0,"parent":0,"menu_order":0,"comment_status":"closed","ping_status":"closed","template":"","meta":{"site-sidebar-layout":"no-sidebar","site-content-layout":"page-builder","ast-main-header-display":"","ast-hfb-above-header-display":"","ast-hfb-below-header-display":"","ast-hfb-mobile-header-display":"","site-post-title":"disabled","ast-breadcrumbs-content":"","ast-featured-img":"disabled","footer-sml-layout":"","theme-transparent-header-meta":"default","adv-header-id-meta":"","stick-header-meta":"","header-above-stick-meta":"","header-main-stick-meta":"","header-below-stick-meta":""},"_links":{"self":[{"href":"https:\/\/www.farmorgretas.se\/index.php?rest_route=\/wp\/v2\/pages\/30"}],"collection":[{"href":"https:\/\/www.farmorgretas.se\/index.php?rest_route=\/wp\/v2\/pages"}],"about":[{"href":"https:\/\/www.farmorgretas.se\/index.php?rest_route=\/wp\/v2\/types\/page"}],"author":[{"embeddable":true,"href":"https:\/\/www.farmorgretas.se\/index.php?rest_route=\/wp\/v2\/users\/1"}],"replies":[{"embeddable":true,"href":"https:\/\/www.farmorgretas.se\/index.php?rest_route=%2Fwp%2Fv2%2Fcomments&post=30"}],"version-history":[{"count":11,"href":"https:\/\/www.farmorgretas.se\/index.php?rest_route=\/wp\/v2\/pages\/30\/revisions"}],"predecessor-version":[{"id":551,"href":"https:\/\/www.farmorgretas.se\/index.php?rest_route=\/wp\/v2\/pages\/30\/revisions\/551"}],"wp:attachment":[{"href":"https:\/\/www.farmorgretas.se\/index.php?rest_route=%2Fwp%2Fv2%2Fmedia&parent=30"}],"curies":[{"name":"wp","href":"https:\/\/api.w.org\/{rel}","templated":true}]}}